{"id":92,"date":"2016-07-19T14:40:09","date_gmt":"2016-07-19T12:40:09","guid":{"rendered":"http:\/\/c1707.endil.de\/?page_id=92"},"modified":"2026-03-01T20:44:10","modified_gmt":"2026-03-01T19:44:10","slug":"kollegium-und-mitarbeiter","status":"publish","type":"page","link":"https:\/\/www.gs-hambergen.com\/index.php\/unsere-schule\/kollegium-und-mitarbeiter\/","title":{"rendered":"Kollegium und Mitarbeiter"},"content":{"rendered":"\n<p><\/p>\n\n\n\n<p><strong>Schulleitung (kommissarisches Team)<\/strong><br>Frau Varga<br>Frau Gernand<\/p>\n\n\n\n<p><strong>Lehrkr\u00e4fte<\/strong><\/p>\n\n\n\n<p>1a Frau Weith<br>1b Frau Willms<br>1c Frau Gernand <br>2a Frau Hoyer<br>2b<a href=\"https:\/\/www.gs-hambergen.com\/index.php\/frau-rimasch-2\/\" data-type=\"page\" data-id=\"1019\"> <\/a>Frau Ernst<br>3a Frau Varga<br>3b Frau Kranz<br>3c Frau Berneburg<a href=\"https:\/\/www.gs-hambergen.com\/index.php\/frau-grychtol-2-2-4\/\" data-type=\"page\" data-id=\"1033\"><br><\/a>4a Frau Grychtol<br>4b Frau Rimasch<br><br>Frau Goth (Fachlehrerin)<br>Herr Weigel (Fachlehrer)<br>Frau Siebold (Fachlehrerin)<br>Herr Pagel (Fachlehrer)\u00a0\u00a0\u00a0\u00a0\u00a0\u00a0\u00a0 <\/p>\n\n\n\n<p><strong>F\u00f6rderschullehrkr\u00e4fte<\/strong><br>Frau Klaassen<br>Frau H\u00fcttemeyer<\/p>\n\n\n\n<p><strong>P\u00e4dagogische Mitarbeiter<br><\/strong>Frau Konoppa-Wegener<br>Frau Br\u00fcnjes<br>Frau Meier<br>Frau Bronskiewicz<br>Frau Bormann<\/p>\n\n\n\n<p><strong>Referendarin<br><\/strong><\/p>\n\n\n\n<p><strong>BufDi<br><\/strong>Frau Fritz<br><\/p>\n\n\n\n<p><strong>Hauswart<br><\/strong>Herr B\u00e4hner<\/p>\n\n\n\n<p><strong>Schulsekret\u00e4rin<br><\/strong>Frau Hannu\u00df<\/p>\n\n\n\n<p><\/p>\n","protected":false},"excerpt":{"rendered":"<p>Schulleitung (kommissarisches Team)Frau VargaFrau Gernand Lehrkr\u00e4fte 1a Frau Weith1b Frau Willms1c Frau Gernand 2a Frau Hoyer2b Frau Ernst3a Frau Varga3b Frau Kranz3c Frau Berneburg4a Frau Grychtol4b Frau Rimasch Frau Goth (Fachlehrerin)Herr Weigel (Fachlehrer)Frau Siebold (Fachlehrerin)Herr Pagel (Fachlehrer)\u00a0\u00a0\u00a0\u00a0\u00a0\u00a0\u00a0 F\u00f6rderschullehrkr\u00e4fteFrau KlaassenFrau H\u00fcttemeyer <a class=\"more-link\" href=\"https:\/\/www.gs-hambergen.com\/index.php\/unsere-schule\/kollegium-und-mitarbeiter\/\">Weiterlesen&#8230;<\/a><\/p>\n","protected":false},"author":2,"featured_media":0,"parent":32,"menu_order":1,"comment_status":"closed","ping_status":"closed","template":"","meta":{"ngg_post_thumbnail":0,"footnotes":""},"_links":{"self":[{"href":"https:\/\/www.gs-hambergen.com\/index.php\/wp-json\/wp\/v2\/pages\/92"}],"collection":[{"href":"https:\/\/www.gs-hambergen.com\/index.php\/wp-json\/wp\/v2\/pages"}],"about":[{"href":"https:\/\/www.gs-hambergen.com\/index.php\/wp-json\/wp\/v2\/types\/page"}],"author":[{"embeddable":true,"href":"https:\/\/www.gs-hambergen.com\/index.php\/wp-json\/wp\/v2\/users\/2"}],"replies":[{"embeddable":true,"href":"https:\/\/www.gs-hambergen.com\/index.php\/wp-json\/wp\/v2\/comments?post=92"}],"version-history":[{"count":49,"href":"https:\/\/www.gs-hambergen.com\/index.php\/wp-json\/wp\/v2\/pages\/92\/revisions"}],"predecessor-version":[{"id":1168,"href":"https:\/\/www.gs-hambergen.com\/index.php\/wp-json\/wp\/v2\/pages\/92\/revisions\/1168"}],"up":[{"embeddable":true,"href":"https:\/\/www.gs-hambergen.com\/index.php\/wp-json\/wp\/v2\/pages\/32"}],"wp:attachment":[{"href":"https:\/\/www.gs-hambergen.com\/index.php\/wp-json\/wp\/v2\/media?parent=92"}],"curies":[{"name":"wp","href":"https:\/\/api.w.org\/{rel}","templated":true}]}}