{"id":898,"date":"2022-01-19T20:57:43","date_gmt":"2022-01-19T19:57:43","guid":{"rendered":"https:\/\/www.gs-hambergen.com\/?page_id=898"},"modified":"2023-10-30T14:10:18","modified_gmt":"2023-10-30T13:10:18","slug":"wer-sind-wir","status":"publish","type":"page","link":"https:\/\/www.gs-hambergen.com\/index.php\/schulfoerderverein\/wer-sind-wir\/","title":{"rendered":"Wer sind wir"},"content":{"rendered":"\n<p><strong>Vorstand<\/strong><br>Philip Heidk\u00e4mper (1. Vorsitzender) &#8211; Telefon: 0172-1511834 (auch WhatsApp)<br>Nadine Habich (2. Vorsitzende)<\/p>\n\n\n\n<p><strong>Kassenwart:<\/strong><br>Pia Siewert<\/p>\n\n\n\n<p><strong>Schriftf\u00fchrerin:<\/strong><br>Nadiha Puckhaber<\/p>\n\n\n\n<p><strong>Kassenpr\u00fcfer:<\/strong><br>Britta Speck (1. Kassenpr\u00fcferin)<br>Yvonne Koop (2. Kassenpr\u00fcferin)<\/p>\n\n\n\n<p><strong>Erweiterter Vorstand:<\/strong><br>Tanja Wegener<br>Nicole K\u00fcck<br>Julia von Hein<\/p>\n\n\n\n<p><\/p>\n\n\n\n<p>(Der Vorstand, die Pr\u00fcfer:innen und der erweiterte Vorstand werden jeweils f\u00fcr zwei Jahre auf der Mitgliederversammlung gew\u00e4hlt).<\/p>\n","protected":false},"excerpt":{"rendered":"<p>VorstandPhilip Heidk\u00e4mper (1. Vorsitzender) &#8211; Telefon: 0172-1511834 (auch WhatsApp)Nadine Habich (2. Vorsitzende) Kassenwart:Pia Siewert Schriftf\u00fchrerin:Nadiha Puckhaber Kassenpr\u00fcfer:Britta Speck (1. Kassenpr\u00fcferin)Yvonne Koop (2. Kassenpr\u00fcferin) Erweiterter Vorstand:Tanja WegenerNicole K\u00fcckJulia von Hein (Der Vorstand, die Pr\u00fcfer:innen und der erweiterte Vorstand werden jeweils f\u00fcr <a class=\"more-link\" href=\"https:\/\/www.gs-hambergen.com\/index.php\/schulfoerderverein\/wer-sind-wir\/\">Weiterlesen&#8230;<\/a><\/p>\n","protected":false},"author":2,"featured_media":0,"parent":118,"menu_order":0,"comment_status":"closed","ping_status":"closed","template":"","meta":{"ngg_post_thumbnail":0,"footnotes":""},"_links":{"self":[{"href":"https:\/\/www.gs-hambergen.com\/index.php\/wp-json\/wp\/v2\/pages\/898"}],"collection":[{"href":"https:\/\/www.gs-hambergen.com\/index.php\/wp-json\/wp\/v2\/pages"}],"about":[{"href":"https:\/\/www.gs-hambergen.com\/index.php\/wp-json\/wp\/v2\/types\/page"}],"author":[{"embeddable":true,"href":"https:\/\/www.gs-hambergen.com\/index.php\/wp-json\/wp\/v2\/users\/2"}],"replies":[{"embeddable":true,"href":"https:\/\/www.gs-hambergen.com\/index.php\/wp-json\/wp\/v2\/comments?post=898"}],"version-history":[{"count":3,"href":"https:\/\/www.gs-hambergen.com\/index.php\/wp-json\/wp\/v2\/pages\/898\/revisions"}],"predecessor-version":[{"id":1112,"href":"https:\/\/www.gs-hambergen.com\/index.php\/wp-json\/wp\/v2\/pages\/898\/revisions\/1112"}],"up":[{"embeddable":true,"href":"https:\/\/www.gs-hambergen.com\/index.php\/wp-json\/wp\/v2\/pages\/118"}],"wp:attachment":[{"href":"https:\/\/www.gs-hambergen.com\/index.php\/wp-json\/wp\/v2\/media?parent=898"}],"curies":[{"name":"wp","href":"https:\/\/api.w.org\/{rel}","templated":true}]}}