{"id":32,"date":"2016-07-19T14:07:31","date_gmt":"2016-07-19T12:07:31","guid":{"rendered":"http:\/\/c1707.endil.de\/?page_id=32"},"modified":"2019-09-13T22:36:27","modified_gmt":"2019-09-13T20:36:27","slug":"unsere-schule","status":"publish","type":"page","link":"https:\/\/www.gs-hambergen.com\/index.php\/unsere-schule\/","title":{"rendered":"Unsere Schule"},"content":{"rendered":"<p>Die Verl\u00e4ssliche Grundschule Hambergen ist seit 1974 selbstsst\u00e4ndig<br>t\u00e4tig und beschult ca. 230 Kinder aus dem Schuleinzugsbereich. Zu diesem<br>geh\u00f6ren neben dem Ortskern Hambergen, die Ortschaften Hei\u00dfenb\u00fcttel,<br>Heilsdorf, Kiebitzsegen und Str\u00f6he.<br><br>Seit Sommer 2012 sind wir zus\u00e4tzlich zur Verl\u00e4sslichkeit &#8222;Offene<br>Ganztagsschule&#8220;. Der Ganztagsbetrieb findet von Montag bis Donnerstag<br>bis 15 Uhr statt.<\/p>\n<p style=\"text-align: center;\"><em>Bilder sagen mehr als 1000 Worte. <\/em><\/p>\n<p style=\"text-align: center;\"><em><a href=\"http:\/\/c1707.endil.de\/index.php\/fotogalerie\/\">Hier gehts zur Fotogalerie<\/a>.<\/em><\/p>\n<h1 style=\"text-align: left;\">Unterrichtszeiten<\/h1>\n<table style=\"height: 256px;\" border=\"0\" width=\"518\" cellspacing=\"0\" cellpadding=\"3\">\n<tbody>\n<tr>\n<td>1. Stunde<\/td>\n<td>&nbsp;8.00 &#8211;&nbsp; 8.40 Uhr<\/td>\n<\/tr>\n<tr>\n<td>2. Stunde<\/td>\n<td>&nbsp;8.40 &#8211;&nbsp; 9.20 Uhr<\/td>\n<\/tr>\n<tr>\n<td>Fr\u00fchst\u00fcck<\/td>\n<td>09.20 &#8211; 09.30 Uhr<\/td>\n<\/tr>\n<tr>\n<td>Pause<\/td>\n<td>09.30 &#8211; 09.45 Uhr<\/td>\n<\/tr>\n<tr>\n<td>Klassenlehrerzeit<\/td>\n<td>09.50 &#8211; 10.10 Uhr<\/td>\n<\/tr>\n<tr>\n<td>3. Stunde<\/td>\n<td>10.10 &#8211; 10.50 Uhr<\/td>\n<\/tr>\n<tr>\n<td>4. Stunde<\/td>\n<td>10.50 &#8211; 11.30 Uhr<\/td>\n<\/tr>\n<tr>\n<td>Bus<\/td>\n<td>&nbsp;<\/td>\n<\/tr>\n<tr>\n<td>Pause<\/td>\n<td>11.30 &#8211; 11.45 Uhr<\/td>\n<\/tr>\n<tr>\n<td>5. Stunde\/Betreuung Klasse 1 und 2<\/td>\n<td>11.50 &#8211; 12.40 Uhr<\/td>\n<\/tr>\n<tr>\n<td>Bus<\/td>\n<td>&nbsp;<\/td>\n<\/tr>\n<tr>\n<td>1. \/ 2. Klassen Hausaufgaben<br>3. \/ 4. Klassen Mittagessen<\/td>\n<td>12.45 &#8211; 13.30 Uhr<\/td>\n<\/tr>\n<tr>\n<td>1. \/ 2. Klassen Mittagessen<br>3. \/ 4. Klassen Hausaufgaben<\/td>\n<td>13.30 &#8211; 14.15 Uhr<\/td>\n<\/tr>\n<tr>\n<td>AG<\/td>\n<td>14.15 &#8211; 15.00 Uhr<\/td>\n<\/tr>\n<tr>\n<td>Bus<\/td>\n<td>&nbsp;<\/td>\n<\/tr>\n<\/tbody>\n<\/table>\n\n\n<p><\/p>\n","protected":false},"excerpt":{"rendered":"<p>Die Verl\u00e4ssliche Grundschule Hambergen ist seit 1974 selbstsst\u00e4ndigt\u00e4tig und beschult ca. 230 Kinder aus dem Schuleinzugsbereich. Zu diesemgeh\u00f6ren neben dem Ortskern Hambergen, die Ortschaften Hei\u00dfenb\u00fcttel,Heilsdorf, Kiebitzsegen und Str\u00f6he. Seit Sommer 2012 sind wir zus\u00e4tzlich zur Verl\u00e4sslichkeit &#8222;OffeneGanztagsschule&#8220;. Der Ganztagsbetrieb findet <a class=\"more-link\" href=\"https:\/\/www.gs-hambergen.com\/index.php\/unsere-schule\/\">Weiterlesen&#8230;<\/a><\/p>\n","protected":false},"author":2,"featured_media":0,"parent":0,"menu_order":0,"comment_status":"closed","ping_status":"closed","template":"","meta":{"ngg_post_thumbnail":0,"footnotes":""},"_links":{"self":[{"href":"https:\/\/www.gs-hambergen.com\/index.php\/wp-json\/wp\/v2\/pages\/32"}],"collection":[{"href":"https:\/\/www.gs-hambergen.com\/index.php\/wp-json\/wp\/v2\/pages"}],"about":[{"href":"https:\/\/www.gs-hambergen.com\/index.php\/wp-json\/wp\/v2\/types\/page"}],"author":[{"embeddable":true,"href":"https:\/\/www.gs-hambergen.com\/index.php\/wp-json\/wp\/v2\/users\/2"}],"replies":[{"embeddable":true,"href":"https:\/\/www.gs-hambergen.com\/index.php\/wp-json\/wp\/v2\/comments?post=32"}],"version-history":[{"count":12,"href":"https:\/\/www.gs-hambergen.com\/index.php\/wp-json\/wp\/v2\/pages\/32\/revisions"}],"predecessor-version":[{"id":776,"href":"https:\/\/www.gs-hambergen.com\/index.php\/wp-json\/wp\/v2\/pages\/32\/revisions\/776"}],"wp:attachment":[{"href":"https:\/\/www.gs-hambergen.com\/index.php\/wp-json\/wp\/v2\/media?parent=32"}],"curies":[{"name":"wp","href":"https:\/\/api.w.org\/{rel}","templated":true}]}}