{"id":118,"date":"2016-07-19T15:14:13","date_gmt":"2016-07-19T13:14:13","guid":{"rendered":"http:\/\/c1707.endil.de\/?page_id=118"},"modified":"2022-01-19T20:55:26","modified_gmt":"2022-01-19T19:55:26","slug":"schulfoerderverein","status":"publish","type":"page","link":"https:\/\/www.gs-hambergen.com\/index.php\/schulfoerderverein\/","title":{"rendered":"Schulf\u00f6rderverein"},"content":{"rendered":"<p><strong>Der Schulf\u00f6rderverein wurde im Jahr 1995 von engagierten Eltern und Lehrern an der Grundschule ins Leben gerufen.<br \/>\n<\/strong>Wir verstehen uns als Partner f\u00fcr Sch\u00fcler, Eltern und Schultr\u00e4ger.<br \/>\nDie wachsende Bedeutung des Schulf\u00f6rdervereins best\u00e4tigen die stetig steigenden Mitgliederzahlen von aktuell 124 F\u00f6rderern (Stand Januar 2022).<\/p>\n<p><strong>F\u00fcr viele Schulen bleibt eine zeitgem\u00e4\u00dfe Schulausstattung ein Traum<br \/>\n<\/strong>Mit dem Etat, der Schulen zur Verf\u00fcgung steht, sind oft nur die elementaren Aufgaben im Schulbetrieb realisierbar. In vielen F\u00e4llen reicht es jedoch nicht einmal f\u00fcr das N\u00f6tigste: f\u00fcr neue Sportger\u00e4te und Musikinstrumente, f\u00fcr B\u00fccher in der Schulbibliothek oder f\u00fcr moderne Unterrichtsmittel. Aber auch alle kulturellen und au\u00dferfachlichen Veranstaltungen wie Schul- und Sportfesten, Theater- und Musikauff\u00fchrungen, Tagen der offenen T\u00fcr, Klassenfahrten, Beteiligung an kommunalen Festen und Veranstaltungen brauchen Unterst\u00fctzung.<\/p>\n<p><strong>Angebote, die \u00fcber Bildung hinausgehen und Werte vermittelt<br \/>\n<\/strong>Sch\u00fcler sollen in einer Schule nicht nur Wissen, sondern auch Werte vermittelt bekommen. Zu oft f\u00fcrchten sich Eltern und Sch\u00fcler vor Gewalt und Ausl\u00e4nderfeindlichkeit an Schulen, zu oft werden R\u00fccksichtnahme und ein h\u00f6flicher Umgang untereinander vermisst. In diesem Umfeld sind die Vermittlung von Werten in der Schule sowie die Schaffung von sozialen Kontakten zu anderen Schulen und kulturellen Einrichtungen besonders wichtig.<\/p>\n<p><strong>Ganz sch\u00f6n wirtschaftlich \u2013 dieser Schulf\u00f6rderverein<br \/>\n<\/strong>Vielen war noch unbekannt, dass ein Schulf\u00f6rderverein auch eine rechtliche Funktion hat. Als anerkannt gemeinn\u00fctziger Verein darf er -im Gegensatz zu einer Schule- f\u00fcr geleistete Sach- und Geldspenden an den Verein Spendenquittungen ausgeben. Als Rechtsperson ist er zum Beispiel bei der Gr\u00fcndung einer Sch\u00fclerfirma auch als Tr\u00e4ger und in haftungsrechtlicher Verantwortung. Wie ein Wirtschaftsbetrieb hat er eine Buchhaltung zu f\u00fchren und k\u00fcmmert sich um die Beschaffung von Sach- und Geldmitteln im Sinne der Schule und der Sch\u00fcler.<\/p>\n<p>&nbsp;<strong>UNSERE ZIELE:<\/strong><\/p>\n<ul>\n<li>Unterst\u00fctzung bei der Anschaffung von Lehr- und Lernmitteln<\/li>\n<li>Unterst\u00fctzung bei kulturellen und au\u00dferfachlichen Veranstaltungen der Schule (Schulfeste, Sportfeste, Musik- und Theaterauff\u00fchrungen, Schul- und Klassenfahrten, Beteiligung an kommunalen Festen und Veranstaltungen<\/li>\n<li>Die F\u00f6rderung gesunder Ern\u00e4hrung und Lernbedingungen der Sch\u00fclerinnen und Sch\u00fcler<\/li>\n<li>Kooperationen mit Sportvereinen<\/li>\n<li>Unterst\u00fctzung bed\u00fcrftiger Sch\u00fclerinnen und Sch\u00fcler<\/li>\n<li>Finanzierung ggfs. Einstellung von Hilfskr\u00e4ften, die in Abstimmung mit der Schulleitung die p\u00e4dagogischen und fachlichen Anliegen der Schule unterst\u00fctzen<\/li>\n<li>F\u00f6rderung der \u00d6ffentlichkeitsarbeit der Schule<\/li>\n<\/ul>\n","protected":false},"excerpt":{"rendered":"<p>Der Schulf\u00f6rderverein wurde im Jahr 1995 von engagierten Eltern und Lehrern an der Grundschule ins Leben gerufen. Wir verstehen uns als Partner f\u00fcr Sch\u00fcler, Eltern und Schultr\u00e4ger. Die wachsende Bedeutung des Schulf\u00f6rdervereins best\u00e4tigen die stetig steigenden Mitgliederzahlen von aktuell 124 <a class=\"more-link\" href=\"https:\/\/www.gs-hambergen.com\/index.php\/schulfoerderverein\/\">Weiterlesen&#8230;<\/a><\/p>\n","protected":false},"author":2,"featured_media":0,"parent":0,"menu_order":0,"comment_status":"closed","ping_status":"closed","template":"","meta":{"ngg_post_thumbnail":0,"footnotes":""},"_links":{"self":[{"href":"https:\/\/www.gs-hambergen.com\/index.php\/wp-json\/wp\/v2\/pages\/118"}],"collection":[{"href":"https:\/\/www.gs-hambergen.com\/index.php\/wp-json\/wp\/v2\/pages"}],"about":[{"href":"https:\/\/www.gs-hambergen.com\/index.php\/wp-json\/wp\/v2\/types\/page"}],"author":[{"embeddable":true,"href":"https:\/\/www.gs-hambergen.com\/index.php\/wp-json\/wp\/v2\/users\/2"}],"replies":[{"embeddable":true,"href":"https:\/\/www.gs-hambergen.com\/index.php\/wp-json\/wp\/v2\/comments?post=118"}],"version-history":[{"count":5,"href":"https:\/\/www.gs-hambergen.com\/index.php\/wp-json\/wp\/v2\/pages\/118\/revisions"}],"predecessor-version":[{"id":897,"href":"https:\/\/www.gs-hambergen.com\/index.php\/wp-json\/wp\/v2\/pages\/118\/revisions\/897"}],"wp:attachment":[{"href":"https:\/\/www.gs-hambergen.com\/index.php\/wp-json\/wp\/v2\/media?parent=118"}],"curies":[{"name":"wp","href":"https:\/\/api.w.org\/{rel}","templated":true}]}}